{"id":813,"date":"2021-04-07T17:54:22","date_gmt":"2021-04-07T17:54:22","guid":{"rendered":"http:\/\/w3.basta.bilkent.edu.tr\/?page_id=813"},"modified":"2021-04-07T18:00:26","modified_gmt":"2021-04-07T18:00:26","slug":"underwater-signal-processing","status":"publish","type":"page","link":"http:\/\/w3.basta.bilkent.edu.tr\/?page_id=813&lang=en","title":{"rendered":"Underwater Signal Processing"},"content":{"rendered":"<div id=\"pl-813\"  class=\"panel-layout\" ><div id=\"pg-813-0\"  class=\"panel-grid panel-no-style\" ><div id=\"pgc-813-0-0\"  class=\"panel-grid-cell\" ><div id=\"panel-813-0-0-0\" class=\"so-panel widget widget_sow-editor panel-first-child panel-last-child\" data-index=\"0\" ><div class=\"so-widget-sow-editor so-widget-sow-editor-base\">\n<div class=\"siteorigin-widget-tinymce textwidget\">\n\t<p id=\"tw-target-text\" class=\"tw-data-text tw-text-large XcVN5d tw-ta\" dir=\"ltr\" data-placeholder=\"Translation\"><span lang=\"en\">Acoustic communication and imaging are developing rapidly in the digitized world, and it is necessary to obtain a more efficient, fast and high quality signals. Various signal processing systems have been designed and implemented by BASTA. You can take a look at the articles on the publications page to examine the researches carried out by BASTA\u00a0in more detail, which has been accelerating and continuing its research on this subject in the last few years.<\/span><\/p>\n<\/div>\n<\/div><\/div><\/div><div id=\"pgc-813-0-1\"  class=\"panel-grid-cell\" ><div id=\"panel-813-0-1-0\" class=\"so-panel widget widget_pages panel-first-child panel-last-child\" data-index=\"1\" ><h3 class=\"widget-title\">Other Projects:<\/h3>\n\t\t\t<ul>\n\t\t\t\t<li class=\"page_item page-item-261\"><a href=\"http:\/\/w3.basta.bilkent.edu.tr\/\">Anasayfa<\/a><\/li>\n<li class=\"page_item page-item-280 page_item_has_children\"><a href=\"http:\/\/w3.basta.bilkent.edu.tr\/?page_id=280\">Ara\u015ft\u0131rma<\/a>\n<ul class='children'>\n\t<li class=\"page_item page-item-282\"><a href=\"http:\/\/w3.basta.bilkent.edu.tr\/?page_id=282\">Projeler<\/a><\/li>\n\t<li class=\"page_item page-item-287\"><a href=\"http:\/\/w3.basta.bilkent.edu.tr\/?page_id=287\">Yay\u0131nlar<\/a><\/li>\n<\/ul>\n<\/li>\n<li class=\"page_item page-item-625\"><a href=\"http:\/\/w3.basta.bilkent.edu.tr\/?page_id=625\">DAKA<\/a><\/li>\n<li class=\"page_item page-item-628\"><a href=\"http:\/\/w3.basta.bilkent.edu.tr\/?page_id=628&#038;lang=en\">DAKA<\/a><\/li>\n<li class=\"page_item page-item-277\"><a href=\"http:\/\/w3.basta.bilkent.edu.tr\/?page_id=277\">Haberler<\/a><\/li>\n<li class=\"page_item page-item-274\"><a href=\"http:\/\/w3.basta.bilkent.edu.tr\/?page_id=274\">Hakk\u0131m\u0131zda<\/a><\/li>\n<li class=\"page_item page-item-289\"><a href=\"http:\/\/w3.basta.bilkent.edu.tr\/?page_id=289\">Hizmetler<\/a><\/li>\n<li class=\"page_item page-item-268\"><a href=\"http:\/\/w3.basta.bilkent.edu.tr\/?page_id=268\">\u0130leti\u015fim<\/a><\/li>\n<li class=\"page_item page-item-614\"><a href=\"http:\/\/w3.basta.bilkent.edu.tr\/?page_id=614\">Kula\u00e7<\/a><\/li>\n<li class=\"page_item page-item-617\"><a href=\"http:\/\/w3.basta.bilkent.edu.tr\/?page_id=617&#038;lang=en\">Kula\u00e7<\/a><\/li>\n<li class=\"page_item page-item-636\"><a href=\"http:\/\/w3.basta.bilkent.edu.tr\/?page_id=636&#038;lang=en\">Micromachined Transducers<\/a><\/li>\n<li class=\"page_item page-item-634\"><a href=\"http:\/\/w3.basta.bilkent.edu.tr\/?page_id=634\">Mikroi\u015flenmi\u015f \u00c7eviriciler<\/a><\/li>\n<li class=\"page_item page-item-797\"><a href=\"http:\/\/w3.basta.bilkent.edu.tr\/?page_id=797\">Sualt\u0131 Sinyal \u0130\u015fleme<\/a><\/li>\n<li class=\"page_item page-item-630\"><a href=\"http:\/\/w3.basta.bilkent.edu.tr\/?page_id=630\">Sualt\u0131 Telefonu<\/a><\/li>\n<li class=\"page_item page-item-632\"><a href=\"http:\/\/w3.basta.bilkent.edu.tr\/?page_id=632&#038;lang=en\">Underwater Telephone<\/a><\/li>\n\t\t\t<\/ul>\n\n\t\t\t<\/div><\/div><\/div><div id=\"pg-813-1\"  class=\"panel-grid panel-no-style\" ><div id=\"pgc-813-1-0\"  class=\"panel-grid-cell\" >        <div id=\"panel-813-1-0-0\" class=\"so-panel widget widget_wpdm_topdownloads panel-first-child panel-last-child\" data-index=\"2\" >        <div class='w3eden'><!-- WPDM Link Template: Default Template -->\n\n\n<div class=\"link-template-default card mb-2\">\n    <div class=\"card-body\">\n        <div class=\"media stack-xs\">\n            <div class=\"media-body\">\n                <div class=\"media\">\n                    <div class=\"mr-3 img-48\"><img class=\"wpdm_icon\" alt=\"Icon\"   src=\"http:\/\/w3.basta.bilkent.edu.tr\/wp-content\/plugins\/download-manager\/assets\/file-type-icons\/pcb.svg\" \/><\/div>\n                    <div class=\"media-body\">\n                        <h3 class=\"package-title\"><a href='http:\/\/w3.basta.bilkent.edu.tr\/?wpdmpro=golay-coding'>Golay Coding<\/a><\/h3>\n                        <div class=\"text-muted text-small\"><i class=\"fas fa-copy\"><\/i> 1 file(s) <i class=\"fas fa-hdd ml-3\"><\/i> 38.18 KB<\/div>\n                    <\/div>\n                <\/div>\n            <\/div>\n            <div class=\"ml-3 wpdmdl-btn\">\n                <a class='wpdm-download-link download-on-click btn btn-primary ' rel='nofollow' href='#' data-downloadurl=\"http:\/\/w3.basta.bilkent.edu.tr\/?wpdmpro=golay-coding&wpdmdl=808&refresh=69fa1764c66521777997668\">Download<\/a>\n            <\/div>\n        <\/div>\n    <\/div>\n<\/div>\n\n\n<\/div><\/div><\/div><\/div><div id=\"pg-813-2\"  class=\"panel-grid panel-no-style\" ><div id=\"pgc-813-2-0\"  class=\"panel-grid-cell\" ><div id=\"panel-813-2-0-0\" class=\"so-panel widget widget_metaslider_widget panel-first-child panel-last-child\" data-index=\"3\" ><div id=\"metaslider-id-821\" style=\"max-width: 1920px;\" class=\"ml-slider-3-20-3 metaslider metaslider-flex metaslider-821 ml-slider\">\n    <div id=\"metaslider_container_821\">\n        <div id=\"metaslider_821\">\n            <ul aria-live=\"polite\" class=\"slides\">\n                <li style=\"display: block; width: 100%;\" class=\"slide-823 ms-image\"><img src=\"http:\/\/w3.basta.bilkent.edu.tr\/wp-content\/uploads\/2021\/04\/1200px-BinaryGolayCode.svg_-1200x562.png\" height=\"900\" width=\"1920\" alt=\"\" class=\"slider-821 slide-823\" title=\"1200px-BinaryGolayCode.svg\" \/><\/li>\n            <\/ul>\n        <\/div>\n        \n    <\/div>\n<\/div><\/div><\/div><\/div><\/div>","protected":false},"excerpt":{"rendered":"<p>Acoustic communication and imaging are developing rapidly in the digitized world, and it is necessary to obtain a more efficient, fast and high quality signals. Various signal processing systems have been designed and implemented by BASTA. You can take a look at the articles on the publications page to examine the researches carried out by [&hellip;]<\/p>\n","protected":false},"author":1,"featured_media":0,"parent":0,"menu_order":0,"comment_status":"closed","ping_status":"closed","template":"","meta":[],"_links":{"self":[{"href":"http:\/\/w3.basta.bilkent.edu.tr\/index.php?rest_route=\/wp\/v2\/pages\/813"}],"collection":[{"href":"http:\/\/w3.basta.bilkent.edu.tr\/index.php?rest_route=\/wp\/v2\/pages"}],"about":[{"href":"http:\/\/w3.basta.bilkent.edu.tr\/index.php?rest_route=\/wp\/v2\/types\/page"}],"author":[{"embeddable":true,"href":"http:\/\/w3.basta.bilkent.edu.tr\/index.php?rest_route=\/wp\/v2\/users\/1"}],"replies":[{"embeddable":true,"href":"http:\/\/w3.basta.bilkent.edu.tr\/index.php?rest_route=%2Fwp%2Fv2%2Fcomments&post=813"}],"version-history":[{"count":7,"href":"http:\/\/w3.basta.bilkent.edu.tr\/index.php?rest_route=\/wp\/v2\/pages\/813\/revisions"}],"predecessor-version":[{"id":816,"href":"http:\/\/w3.basta.bilkent.edu.tr\/index.php?rest_route=\/wp\/v2\/pages\/813\/revisions\/816"}],"wp:attachment":[{"href":"http:\/\/w3.basta.bilkent.edu.tr\/index.php?rest_route=%2Fwp%2Fv2%2Fmedia&parent=813"}],"curies":[{"name":"wp","href":"https:\/\/api.w.org\/{rel}","templated":true}]}}